{"id":63,"date":"2025-10-17T08:41:40","date_gmt":"2025-10-17T08:41:40","guid":{"rendered":"https:\/\/consultoriajyjspain.com\/?page_id=63"},"modified":"2025-10-20T12:26:01","modified_gmt":"2025-10-20T12:26:01","slug":"servicios","status":"publish","type":"page","link":"https:\/\/consultoriajyjspain.com\/en\/servicios\/","title":{"rendered":"Servicios"},"content":{"rendered":"<header>\n        <nav>\n            <div class=\"logo\">\n                Consultor\u00eda Inmobiliaria J&#038;J<br>Spain\n            <\/div>\n            <div class=\"nav-links\">\n                <a href=\"\/en\/\">\u00bfQUIENES SOMOS?<\/a>\n                <a href=\"\/en\/inicio\/#contacto\">CONSULTA GRATUITA<\/a>\n                <a href=\"\/en\/nuestro-equipo\/\">NUESTRO EQUIPO<\/a>\n                <a href=\"\/en\/servicios\/\">SERVICIOS<\/a>\n                <a href=\"\/en\/contacto\/\">FOMULARIO DE CONTACTO<\/a>\n                <div class=\"dropdown\">\n                    <span class=\"dropdown-toggle\">\n                        SERVICIOS PARA\n                        <span class=\"dropdown-arrow\">\u25bc<\/span>\n                    <\/span>\n                    <div class=\"dropdown-menu\">\n                        <a href=\"\/en\/servicios\/\">Empresas y Aut\u00f3nomos<\/a>\n                        <a href=\"\/en\/servicios\/\">Inmobiliarias<\/a>\n                        <a href=\"\/en\/servicios\/\">Agentes Inmobiliarios<\/a>\n                    <\/div>\n                <\/div>\n            <\/div>\n            <div class=\"phone\">\n                <span>\ud83d\udcde<\/span>\n                <span>644 783 622<\/span>\n            <\/div>\n        <\/nav>\n    <\/header>\n\n    <section class=\"section\">\n        <h2 class=\"section-title\">Servicios para Agentes Imnobiliarios<\/h2>\n        <p class=\"section-subtitle\">\n            Soluciones inmobiliarias. Proporcionamos servicios inmobiliarios adaptados a inmobiliarias, simplificando procesos y optimizando resultados.\n        <\/p>\n\n        <div class=\"services-grid\">\n            <div class=\"service-card\">\n                <h3 class=\"service-title\">Herenicas<\/h3>\n                <p class=\"service-description\">Tranquilidad de herencias. Nuestro asesoramiento optimiza el proceso, asegurando una distribuci\u00f3n justa y sin preocupaciones.<\/p>\n            <\/div>\n\n            <div class=\"service-card\">\n                <h3 class=\"service-title\">Contrato de arras<\/h3>\n                <p class=\"service-description\">Compromiso asegurado. Nuestro contrato de arras establece acuerdoss\u00f3lidos y garantiza transacciones con confianza<\/p>\n            <\/div>\n\n            <div class=\"service-card\">\n                <h3 class=\"service-title\">Contrato de arrendamiento<\/h3>\n                <p class=\"service-description\">Seguridad en alquiler. nuestro contrato protege tus derechos y ofrece claridad en cada acuerdo de arrendamiento.<\/p>\n            <\/div>\n\n\n            <div class=\"service-card\">\n                <h3 class=\"service-title\">Descripciones Gr\u00e1ficas<\/h3>\n                <p class=\"service-description\">Conceptos ilustrados. Nuestras descripciones gr\u00e1ficas transforman ideas en im\u00e1genes claras e impactantes.<\/p>\n            <\/div>\n\n            <div class=\"service-card\">\n                <h3 class=\"service-title\">Donaciones<\/h3>\n                <p class=\"service-description\">Generosidad guiada. Nuestro asesoramiento en donaciones facilita el proceso, asegurando impacto y cumplimiento legal.<\/p>\n            <\/div>\n\n            <div class=\"service-card\">\n                <h3 class=\"service-title\">Proyecto de obra nueva y reforma<\/h3>\n                <p class=\"service-description\">Dise\u00f1o y construcci\u00f3n. De la idea a la realidad: nuevos proyectos y reformas con excelencia.<\/p>\n            <\/div>\n\n            <div class=\"service-card\">\n                <h3 class=\"service-title\">Impuestos<\/h3>\n                <p class=\"service-description\">Claridad fiscal. Nuestras asesor\u00eda optimiza tu situaci\u00f3n tributaria para un cumplimento tranquilo y eficiente.<\/p>\n            <\/div>\n\n            <div class=\"service-card\">\n                <h3 class=\"service-title\">Sucesiones<\/h3>\n                <p class=\"service-description\">Proceso sucesorio \u00e1gil. Nuestra gu\u00eda legal garantiza una transici\u00f3n ordenada y sin complicaciones.<\/p>\n            <\/div>\n\n        <\/div>\n    <\/section>\n\n    <footer>\n        <div class=\"footer-content\">\n            <div class=\"footer-section\">\n                <h3>Contacto<\/h3>\n                <p>\ud83d\udccd C\/ Pintor Manuel Maldonado, 34A, 18007 Granada<\/p>\n                <p>\ud83d\udcde 644 713 432<\/p>\n                <p>\u2709\ufe0f info@consultrariajyjspain.com<\/p>\n            <\/div>\n\n            <div class=\"footer-section\">\n                <h3>Empresa<\/h3>\n                <a href=\"#\">Pol\u00edtica de cookies<\/a>\n                <a href=\"#\">Pol\u00edtica de privacidad<\/a>\n            <\/div>\n\n            <div class=\"footer-section\">\n                <h3>Asociaciones<\/h3>\n                <div class=\"footer-logos\">\n                    <div class=\"footer-logo\" style=\"font-size: 12px; color: #333;\">\n                       <img decoding=\"async\" alt=\"banner\" src=\"\/wp-content\/uploads\/2025\/10\/BANNER-WEB-JUSTIFICACION-para-fondo-negro.png\"\/>\n                    <\/div>\n                <\/div>\n            <\/div>\n        <\/div>\n    <\/footer>","protected":false},"excerpt":{"rendered":"<p>Consultor\u00eda Inmobiliaria J&#038;JSpain \u00bfQUIENES SOMOS? CONSULTA GRATUITA NUESTRO EQUIPO SERVICIOS FOMULARIO DE CONTACTO SERVICIOS PARA \u25bc Empresas y Aut\u00f3nomos Inmobiliarias Agentes Inmobiliarios \ud83d\udcde 644 783 622 Servicios para Agentes Imnobiliarios Soluciones inmobiliarias. Proporcionamos servicios inmobiliarios adaptados a inmobiliarias, simplificando procesos y optimizando resultados. Herenicas Tranquilidad de herencias. Nuestro asesoramiento optimiza el proceso, asegurando una distribuci\u00f3n [&hellip;]<\/p>","protected":false},"author":1,"featured_media":0,"parent":0,"menu_order":0,"comment_status":"closed","ping_status":"closed","template":"elementor_canvas","meta":{"footnotes":""},"class_list":["post-63","page","type-page","status-publish","hentry","entry"],"yoast_head":"<!-- This site is optimized with the Yoast SEO plugin v26.2 - https:\/\/yoast.com\/wordpress\/plugins\/seo\/ -->\n<title>Servicios - Navygar<\/title>\n<meta name=\"robots\" content=\"index, follow, max-snippet:-1, max-image-preview:large, max-video-preview:-1\" \/>\n<link rel=\"canonical\" href=\"https:\/\/consultoriajyjspain.com\/en\/servicios\/\" \/>\n<meta property=\"og:locale\" content=\"en_GB\" \/>\n<meta property=\"og:type\" content=\"article\" \/>\n<meta property=\"og:title\" content=\"Servicios - Navygar\" \/>\n<meta property=\"og:description\" content=\"Consultor\u00eda Inmobiliaria J&#038;JSpain \u00bfQUIENES SOMOS? CONSULTA GRATUITA NUESTRO EQUIPO SERVICIOS FOMULARIO DE CONTACTO SERVICIOS PARA \u25bc Empresas y Aut\u00f3nomos Inmobiliarias Agentes Inmobiliarios \ud83d\udcde 644 783 622 Servicios para Agentes Imnobiliarios Soluciones inmobiliarias. Proporcionamos servicios inmobiliarios adaptados a inmobiliarias, simplificando procesos y optimizando resultados. Herenicas Tranquilidad de herencias. Nuestro asesoramiento optimiza el proceso, asegurando una distribuci\u00f3n [&hellip;]\" \/>\n<meta property=\"og:url\" content=\"https:\/\/consultoriajyjspain.com\/en\/servicios\/\" \/>\n<meta property=\"og:site_name\" content=\"Navygar\" \/>\n<meta property=\"article:modified_time\" content=\"2025-10-20T12:26:01+00:00\" \/>\n<meta name=\"twitter:card\" content=\"summary_large_image\" \/>\n<meta name=\"twitter:label1\" content=\"Estimated reading time\" \/>\n\t<meta name=\"twitter:data1\" content=\"1 minute\" \/>\n<script type=\"application\/ld+json\" class=\"yoast-schema-graph\">{\"@context\":\"https:\/\/schema.org\",\"@graph\":[{\"@type\":\"WebPage\",\"@id\":\"https:\/\/consultoriajyjspain.com\/servicios\/\",\"url\":\"https:\/\/consultoriajyjspain.com\/servicios\/\",\"name\":\"Servicios - Navygar\",\"isPartOf\":{\"@id\":\"https:\/\/consultoriajyjspain.com\/#website\"},\"datePublished\":\"2025-10-17T08:41:40+00:00\",\"dateModified\":\"2025-10-20T12:26:01+00:00\",\"breadcrumb\":{\"@id\":\"https:\/\/consultoriajyjspain.com\/servicios\/#breadcrumb\"},\"inLanguage\":\"en-GB\",\"potentialAction\":[{\"@type\":\"ReadAction\",\"target\":[\"https:\/\/consultoriajyjspain.com\/servicios\/\"]}]},{\"@type\":\"BreadcrumbList\",\"@id\":\"https:\/\/consultoriajyjspain.com\/servicios\/#breadcrumb\",\"itemListElement\":[{\"@type\":\"ListItem\",\"position\":1,\"name\":\"Portada\",\"item\":\"https:\/\/consultoriajyjspain.com\/\"},{\"@type\":\"ListItem\",\"position\":2,\"name\":\"Servicios\"}]},{\"@type\":\"WebSite\",\"@id\":\"https:\/\/consultoriajyjspain.com\/#website\",\"url\":\"https:\/\/consultoriajyjspain.com\/\",\"name\":\"Navygar\",\"description\":\"\",\"potentialAction\":[{\"@type\":\"SearchAction\",\"target\":{\"@type\":\"EntryPoint\",\"urlTemplate\":\"https:\/\/consultoriajyjspain.com\/?s={search_term_string}\"},\"query-input\":{\"@type\":\"PropertyValueSpecification\",\"valueRequired\":true,\"valueName\":\"search_term_string\"}}],\"inLanguage\":\"en-GB\"}]}<\/script>\n<!-- \/ Yoast SEO plugin. -->","yoast_head_json":{"title":"Servicios - Navygar","robots":{"index":"index","follow":"follow","max-snippet":"max-snippet:-1","max-image-preview":"max-image-preview:large","max-video-preview":"max-video-preview:-1"},"canonical":"https:\/\/consultoriajyjspain.com\/en\/servicios\/","og_locale":"en_GB","og_type":"article","og_title":"Servicios - Navygar","og_description":"Consultor\u00eda Inmobiliaria J&#038;JSpain \u00bfQUIENES SOMOS? CONSULTA GRATUITA NUESTRO EQUIPO SERVICIOS FOMULARIO DE CONTACTO SERVICIOS PARA \u25bc Empresas y Aut\u00f3nomos Inmobiliarias Agentes Inmobiliarios \ud83d\udcde 644 783 622 Servicios para Agentes Imnobiliarios Soluciones inmobiliarias. Proporcionamos servicios inmobiliarios adaptados a inmobiliarias, simplificando procesos y optimizando resultados. Herenicas Tranquilidad de herencias. Nuestro asesoramiento optimiza el proceso, asegurando una distribuci\u00f3n [&hellip;]","og_url":"https:\/\/consultoriajyjspain.com\/en\/servicios\/","og_site_name":"Navygar","article_modified_time":"2025-10-20T12:26:01+00:00","twitter_card":"summary_large_image","twitter_misc":{"Estimated reading time":"1 minute"},"schema":{"@context":"https:\/\/schema.org","@graph":[{"@type":"WebPage","@id":"https:\/\/consultoriajyjspain.com\/servicios\/","url":"https:\/\/consultoriajyjspain.com\/servicios\/","name":"Servicios - Navygar","isPartOf":{"@id":"https:\/\/consultoriajyjspain.com\/#website"},"datePublished":"2025-10-17T08:41:40+00:00","dateModified":"2025-10-20T12:26:01+00:00","breadcrumb":{"@id":"https:\/\/consultoriajyjspain.com\/servicios\/#breadcrumb"},"inLanguage":"en-GB","potentialAction":[{"@type":"ReadAction","target":["https:\/\/consultoriajyjspain.com\/servicios\/"]}]},{"@type":"BreadcrumbList","@id":"https:\/\/consultoriajyjspain.com\/servicios\/#breadcrumb","itemListElement":[{"@type":"ListItem","position":1,"name":"Portada","item":"https:\/\/consultoriajyjspain.com\/"},{"@type":"ListItem","position":2,"name":"Servicios"}]},{"@type":"WebSite","@id":"https:\/\/consultoriajyjspain.com\/#website","url":"https:\/\/consultoriajyjspain.com\/","name":"Navygar","description":"","potentialAction":[{"@type":"SearchAction","target":{"@type":"EntryPoint","urlTemplate":"https:\/\/consultoriajyjspain.com\/?s={search_term_string}"},"query-input":{"@type":"PropertyValueSpecification","valueRequired":true,"valueName":"search_term_string"}}],"inLanguage":"en-GB"}]}},"_links":{"self":[{"href":"https:\/\/consultoriajyjspain.com\/en\/wp-json\/wp\/v2\/pages\/63","targetHints":{"allow":["GET"]}}],"collection":[{"href":"https:\/\/consultoriajyjspain.com\/en\/wp-json\/wp\/v2\/pages"}],"about":[{"href":"https:\/\/consultoriajyjspain.com\/en\/wp-json\/wp\/v2\/types\/page"}],"author":[{"embeddable":true,"href":"https:\/\/consultoriajyjspain.com\/en\/wp-json\/wp\/v2\/users\/1"}],"replies":[{"embeddable":true,"href":"https:\/\/consultoriajyjspain.com\/en\/wp-json\/wp\/v2\/comments?post=63"}],"version-history":[{"count":13,"href":"https:\/\/consultoriajyjspain.com\/en\/wp-json\/wp\/v2\/pages\/63\/revisions"}],"predecessor-version":[{"id":110,"href":"https:\/\/consultoriajyjspain.com\/en\/wp-json\/wp\/v2\/pages\/63\/revisions\/110"}],"wp:attachment":[{"href":"https:\/\/consultoriajyjspain.com\/en\/wp-json\/wp\/v2\/media?parent=63"}],"curies":[{"name":"wp","href":"https:\/\/api.w.org\/{rel}","templated":true}]}}