{"id":42,"date":"2025-10-17T08:09:10","date_gmt":"2025-10-17T08:09:10","guid":{"rendered":"https:\/\/consultoriajyjspain.com\/?page_id=42"},"modified":"2025-10-20T12:25:49","modified_gmt":"2025-10-20T12:25:49","slug":"nuestro-equipo","status":"publish","type":"page","link":"https:\/\/consultoriajyjspain.com\/en\/nuestro-equipo\/","title":{"rendered":"Nuestro equipo"},"content":{"rendered":"<header>\n        <nav>\n            <div class=\"logo\">\n                Consultor\u00eda Inmobiliaria J&#038;J<br>Spain\n            <\/div>\n            <div class=\"nav-links\">\n                <a href=\"\/en\/\">\u00bfQUIENES SOMOS?<\/a>\n                <a href=\"\/en\/inicio\/#contacto\">CONSULTA GRATUITA<\/a>\n                <a href=\"\/en\/nuestro-equipo\/\">NUESTRO EQUIPO<\/a>\n                <a href=\"\/en\/servicios\/\">SERVICIOS<\/a>\n                <a href=\"\/en\/contacto\/\">FOMULARIO DE CONTACTO<\/a>\n                <div class=\"dropdown\">\n                    <span class=\"dropdown-toggle\">\n                        SERVICIOS PARA\n                        <span class=\"dropdown-arrow\">\u25bc<\/span>\n                    <\/span>\n                    <div class=\"dropdown-menu\">\n                        <a href=\"\/en\/contacto\/\">Empresas y Aut\u00f3nomos<\/a>\n                        <a href=\"\/en\/contacto\/\">Inmobiliarias<\/a>\n                        <a href=\"\/en\/contacto\/\">Agentes Inmobiliarios<\/a>\n                    <\/div>\n                <\/div>\n            <\/div>\n            <div class=\"phone\">\n                <span>\ud83d\udcde<\/span>\n                <span>644 713 432<\/span>\n            <\/div>\n        <\/nav>\n    <\/header>\n\n    <section class=\"section\">\n        <h2 class=\"section-title\">A qui\u00e9nes nos dirigimos<\/h2>\n        <p class=\"section-subtitle\">\n            En Consultor\u00eda J&#038;J Spain, nos dedicamos a ofrecer soluciones integrales y personalizadas para satisfacer las necesidades espec\u00edficas de cada cliente en el sector inmobiliario. Podemos destacar, sobre nosotros, que la primera consulta es gratuita. Nuestra misi\u00f3n es proporcionar asesoramiento experto, estrategias innovadoras y resultados excepcionales para impulsar el \u00e9xito de nuestro clientes.\n        <\/p>\n\n        <div class=\"services-grid\">\n            <div class=\"service-card\">\n                <h3 class=\"service-title\">Empresas y aut\u00f3nomos<\/h3>\n                <p class=\"service-description\">Impulsamos tu estrateg\u00eda inmobiliaria<\/p>\n            <\/div>\n\n            <div class=\"service-card\">\n                <h3 class=\"service-title\">Inmobiliarias<\/h3>\n                <p class=\"service-description\">Potenciamos tu \u00e9xito y alcance.<\/p>\n            <\/div>\n\n            <div class=\"service-card\">\n                <h3 class=\"service-title\">Agentes Inmobiliarios<\/h3>\n                <p class=\"service-description\">Apoyamos tu labor con informaci\u00f3n clave.<\/p>\n            <\/div>\n\n\n            <div class=\"service-card\">\n                <h3 class=\"service-title\">Particulares<\/h3>\n                <p class=\"service-description\">Guiamos tus decisiones con experiencia.<\/p>\n            <\/div>\n\n            <div class=\"service-card\">\n                <h3 class=\"service-title\">Emprendedores<\/h3>\n                <p class=\"service-description\">Formamos parte de la red P.A.E.<\/p>\n            <\/div>\n        <\/div>\n    <\/section>\n    <section id=\"servicios\" class=\"section\">\n        <h2 class=\"section-title\">Nuestro equipo<\/h2>\n        <p class=\"section-subtitle\">\n            contamos con expertos en diversas \u00e1reas clave que nos permite como consultora inmobiliaria proporcionar soluciones integrales y presonalizadas.\n        <\/p>\n\n        <div class=\"services-grid\">\n            <div class=\"service-card\">\n                <div class=\"service-icon\">\ud83d\udccb<\/div>\n                <h3 class=\"service-title\">Abogados<\/h3>\n            <\/div>\n\n            <div class=\"service-card\">\n                <div class=\"service-icon\">\ud83c\udfe0<\/div>\n                <h3 class=\"service-title\">Arquitectos<\/h3>\n            <\/div>\n\n            <div class=\"service-card\">\n                <div class=\"service-icon\">\ud83d\udc64<\/div>\n                <h3 class=\"service-title\">Economistas<\/h3>\n            <\/div>\n\n            <div class=\"service-card\">\n                <div class=\"service-icon\">\ud83d\udc65<\/div>\n                <h3 class=\"service-title\">Gestores de propiedades<\/h3>\n            <\/div>\n        <\/div>\n    <\/section>\n\n\n\n    <footer>\n        <div class=\"footer-content\">\n            <div class=\"footer-section\">\n                <h3>Contacto<\/h3>\n                <p>\ud83d\udccd C\/ Pintor Manuel Maldonado, 34A, 18007 Granada<\/p>\n                <p>\ud83d\udcde 644 713 432<\/p>\n                <p>\u2709\ufe0f info@consultrariajyjspain.com<\/p>\n            <\/div>\n\n            <div class=\"footer-section\">\n                <h3>Empresa<\/h3>\n                <a href=\"#\">Pol\u00edtica de cookies<\/a>\n                <a href=\"#\">Pol\u00edtica de privacidad<\/a>\n            <\/div>\n\n            <div class=\"footer-section\">\n                <h3>Asociaciones<\/h3>\n                <div class=\"footer-logos\">\n                    <div class=\"footer-logo\">\n                       <img decoding=\"async\" alt=\"banner\" src=\"\/wp-content\/uploads\/2025\/10\/BANNER-WEB-JUSTIFICACION-para-fondo-negro.png\"\/>\n                    <\/div>\n                <\/div>\n            <\/div>\n        <\/div>\n    <\/footer>","protected":false},"excerpt":{"rendered":"<p>Consultor\u00eda Inmobiliaria J&#038;JSpain \u00bfQUIENES SOMOS? CONSULTA GRATUITA NUESTRO EQUIPO SERVICIOS FOMULARIO DE CONTACTO SERVICIOS PARA \u25bc Empresas y Aut\u00f3nomos Inmobiliarias Agentes Inmobiliarios \ud83d\udcde 644 713 432 A qui\u00e9nes nos dirigimos En Consultor\u00eda J&#038;J Spain, nos dedicamos a ofrecer soluciones integrales y personalizadas para satisfacer las necesidades espec\u00edficas de cada cliente en el sector inmobiliario. Podemos [&hellip;]<\/p>","protected":false},"author":1,"featured_media":0,"parent":0,"menu_order":0,"comment_status":"closed","ping_status":"closed","template":"elementor_canvas","meta":{"footnotes":""},"class_list":["post-42","page","type-page","status-publish","hentry","entry"],"yoast_head":"<!-- This site is optimized with the Yoast SEO plugin v26.2 - https:\/\/yoast.com\/wordpress\/plugins\/seo\/ -->\n<title>Nuestro equipo - Navygar<\/title>\n<meta name=\"robots\" content=\"index, follow, max-snippet:-1, max-image-preview:large, max-video-preview:-1\" \/>\n<link rel=\"canonical\" href=\"https:\/\/consultoriajyjspain.com\/en\/nuestro-equipo\/\" \/>\n<meta property=\"og:locale\" content=\"en_GB\" \/>\n<meta property=\"og:type\" content=\"article\" \/>\n<meta property=\"og:title\" content=\"Nuestro equipo - Navygar\" \/>\n<meta property=\"og:description\" content=\"Consultor\u00eda Inmobiliaria J&#038;JSpain \u00bfQUIENES SOMOS? CONSULTA GRATUITA NUESTRO EQUIPO SERVICIOS FOMULARIO DE CONTACTO SERVICIOS PARA \u25bc Empresas y Aut\u00f3nomos Inmobiliarias Agentes Inmobiliarios \ud83d\udcde 644 713 432 A qui\u00e9nes nos dirigimos En Consultor\u00eda J&#038;J Spain, nos dedicamos a ofrecer soluciones integrales y personalizadas para satisfacer las necesidades espec\u00edficas de cada cliente en el sector inmobiliario. Podemos [&hellip;]\" \/>\n<meta property=\"og:url\" content=\"https:\/\/consultoriajyjspain.com\/en\/nuestro-equipo\/\" \/>\n<meta property=\"og:site_name\" content=\"Navygar\" \/>\n<meta property=\"article:modified_time\" content=\"2025-10-20T12:25:49+00:00\" \/>\n<meta name=\"twitter:card\" content=\"summary_large_image\" \/>\n<meta name=\"twitter:label1\" content=\"Estimated reading time\" \/>\n\t<meta name=\"twitter:data1\" content=\"1 minute\" \/>\n<script type=\"application\/ld+json\" class=\"yoast-schema-graph\">{\"@context\":\"https:\/\/schema.org\",\"@graph\":[{\"@type\":\"WebPage\",\"@id\":\"https:\/\/consultoriajyjspain.com\/nuestro-equipo\/\",\"url\":\"https:\/\/consultoriajyjspain.com\/nuestro-equipo\/\",\"name\":\"Nuestro equipo - Navygar\",\"isPartOf\":{\"@id\":\"https:\/\/consultoriajyjspain.com\/#website\"},\"datePublished\":\"2025-10-17T08:09:10+00:00\",\"dateModified\":\"2025-10-20T12:25:49+00:00\",\"breadcrumb\":{\"@id\":\"https:\/\/consultoriajyjspain.com\/nuestro-equipo\/#breadcrumb\"},\"inLanguage\":\"en-GB\",\"potentialAction\":[{\"@type\":\"ReadAction\",\"target\":[\"https:\/\/consultoriajyjspain.com\/nuestro-equipo\/\"]}]},{\"@type\":\"BreadcrumbList\",\"@id\":\"https:\/\/consultoriajyjspain.com\/nuestro-equipo\/#breadcrumb\",\"itemListElement\":[{\"@type\":\"ListItem\",\"position\":1,\"name\":\"Portada\",\"item\":\"https:\/\/consultoriajyjspain.com\/\"},{\"@type\":\"ListItem\",\"position\":2,\"name\":\"Nuestro equipo\"}]},{\"@type\":\"WebSite\",\"@id\":\"https:\/\/consultoriajyjspain.com\/#website\",\"url\":\"https:\/\/consultoriajyjspain.com\/\",\"name\":\"Navygar\",\"description\":\"\",\"potentialAction\":[{\"@type\":\"SearchAction\",\"target\":{\"@type\":\"EntryPoint\",\"urlTemplate\":\"https:\/\/consultoriajyjspain.com\/?s={search_term_string}\"},\"query-input\":{\"@type\":\"PropertyValueSpecification\",\"valueRequired\":true,\"valueName\":\"search_term_string\"}}],\"inLanguage\":\"en-GB\"}]}<\/script>\n<!-- \/ Yoast SEO plugin. -->","yoast_head_json":{"title":"Nuestro equipo - Navygar","robots":{"index":"index","follow":"follow","max-snippet":"max-snippet:-1","max-image-preview":"max-image-preview:large","max-video-preview":"max-video-preview:-1"},"canonical":"https:\/\/consultoriajyjspain.com\/en\/nuestro-equipo\/","og_locale":"en_GB","og_type":"article","og_title":"Nuestro equipo - Navygar","og_description":"Consultor\u00eda Inmobiliaria J&#038;JSpain \u00bfQUIENES SOMOS? CONSULTA GRATUITA NUESTRO EQUIPO SERVICIOS FOMULARIO DE CONTACTO SERVICIOS PARA \u25bc Empresas y Aut\u00f3nomos Inmobiliarias Agentes Inmobiliarios \ud83d\udcde 644 713 432 A qui\u00e9nes nos dirigimos En Consultor\u00eda J&#038;J Spain, nos dedicamos a ofrecer soluciones integrales y personalizadas para satisfacer las necesidades espec\u00edficas de cada cliente en el sector inmobiliario. Podemos [&hellip;]","og_url":"https:\/\/consultoriajyjspain.com\/en\/nuestro-equipo\/","og_site_name":"Navygar","article_modified_time":"2025-10-20T12:25:49+00:00","twitter_card":"summary_large_image","twitter_misc":{"Estimated reading time":"1 minute"},"schema":{"@context":"https:\/\/schema.org","@graph":[{"@type":"WebPage","@id":"https:\/\/consultoriajyjspain.com\/nuestro-equipo\/","url":"https:\/\/consultoriajyjspain.com\/nuestro-equipo\/","name":"Nuestro equipo - Navygar","isPartOf":{"@id":"https:\/\/consultoriajyjspain.com\/#website"},"datePublished":"2025-10-17T08:09:10+00:00","dateModified":"2025-10-20T12:25:49+00:00","breadcrumb":{"@id":"https:\/\/consultoriajyjspain.com\/nuestro-equipo\/#breadcrumb"},"inLanguage":"en-GB","potentialAction":[{"@type":"ReadAction","target":["https:\/\/consultoriajyjspain.com\/nuestro-equipo\/"]}]},{"@type":"BreadcrumbList","@id":"https:\/\/consultoriajyjspain.com\/nuestro-equipo\/#breadcrumb","itemListElement":[{"@type":"ListItem","position":1,"name":"Portada","item":"https:\/\/consultoriajyjspain.com\/"},{"@type":"ListItem","position":2,"name":"Nuestro equipo"}]},{"@type":"WebSite","@id":"https:\/\/consultoriajyjspain.com\/#website","url":"https:\/\/consultoriajyjspain.com\/","name":"Navygar","description":"","potentialAction":[{"@type":"SearchAction","target":{"@type":"EntryPoint","urlTemplate":"https:\/\/consultoriajyjspain.com\/?s={search_term_string}"},"query-input":{"@type":"PropertyValueSpecification","valueRequired":true,"valueName":"search_term_string"}}],"inLanguage":"en-GB"}]}},"_links":{"self":[{"href":"https:\/\/consultoriajyjspain.com\/en\/wp-json\/wp\/v2\/pages\/42","targetHints":{"allow":["GET"]}}],"collection":[{"href":"https:\/\/consultoriajyjspain.com\/en\/wp-json\/wp\/v2\/pages"}],"about":[{"href":"https:\/\/consultoriajyjspain.com\/en\/wp-json\/wp\/v2\/types\/page"}],"author":[{"embeddable":true,"href":"https:\/\/consultoriajyjspain.com\/en\/wp-json\/wp\/v2\/users\/1"}],"replies":[{"embeddable":true,"href":"https:\/\/consultoriajyjspain.com\/en\/wp-json\/wp\/v2\/comments?post=42"}],"version-history":[{"count":18,"href":"https:\/\/consultoriajyjspain.com\/en\/wp-json\/wp\/v2\/pages\/42\/revisions"}],"predecessor-version":[{"id":108,"href":"https:\/\/consultoriajyjspain.com\/en\/wp-json\/wp\/v2\/pages\/42\/revisions\/108"}],"wp:attachment":[{"href":"https:\/\/consultoriajyjspain.com\/en\/wp-json\/wp\/v2\/media?parent=42"}],"curies":[{"name":"wp","href":"https:\/\/api.w.org\/{rel}","templated":true}]}}